{"id":49,"date":"2021-01-19T16:25:02","date_gmt":"2021-01-19T16:25:02","guid":{"rendered":"http:\/\/2021.schwarzer-adler-heiligenstadt.de\/?page_id=49"},"modified":"2025-06-30T14:48:19","modified_gmt":"2025-06-30T14:48:19","slug":"unsere-lounge","status":"publish","type":"page","link":"https:\/\/schwarzer-adler-heiligenstadt.de\/?page_id=49","title":{"rendered":"Unsere Lounge \/ Bar"},"content":{"rendered":"\n<figure class=\"wp-block-image size-large\"><img data-recalc-dims=\"1\" loading=\"lazy\" decoding=\"async\" width=\"1000\" height=\"288\" src=\"https:\/\/i0.wp.com\/schwarzer-adler-heiligenstadt.de\/wp-content\/uploads\/2021\/01\/cropped-header.jpg?resize=1000%2C288&#038;ssl=1\" alt=\"\" class=\"wp-image-124\" srcset=\"https:\/\/i0.wp.com\/schwarzer-adler-heiligenstadt.de\/wp-content\/uploads\/2021\/01\/cropped-header.jpg?w=1000&amp;ssl=1 1000w, https:\/\/i0.wp.com\/schwarzer-adler-heiligenstadt.de\/wp-content\/uploads\/2021\/01\/cropped-header.jpg?resize=300%2C86&amp;ssl=1 300w, https:\/\/i0.wp.com\/schwarzer-adler-heiligenstadt.de\/wp-content\/uploads\/2021\/01\/cropped-header.jpg?resize=768%2C221&amp;ssl=1 768w, https:\/\/i0.wp.com\/schwarzer-adler-heiligenstadt.de\/wp-content\/uploads\/2021\/01\/cropped-header.jpg?resize=500%2C144&amp;ssl=1 500w\" sizes=\"auto, (max-width: 1000px) 100vw, 1000px\" \/><\/figure>\n\n\n\n<p class=\"has-text-color has-background\" style=\"color:#f6ea68;background-color:#795706\">Einfach mal die Seele baumeln lassen ist hier Programm.<\/p>\n\n\n\n<p class=\"has-text-color has-background\" style=\"color:#f6ea68;background-color:#795706\">Nach dem Fr\u00fchst\u00fcck noch ein T\u00e4sschen Kaffee im Raucherzimmer genie\u00dfen bei uns kein Problem.<\/p>\n\n\n\n<p class=\"has-text-color has-background\" style=\"color:#f6ea68;background-color:#795706\">Zu einem guten Gl\u00e4schen bieten wir Ihnen auch gerne eine sch\u00f6ne Zigarre an.<\/p>\n\n\n\n<figure class=\"wp-block-gallery has-nested-images columns-default is-cropped wp-block-gallery-1 is-layout-flex wp-block-gallery-is-layout-flex\">\n<figure class=\"wp-block-image size-large\"><img data-recalc-dims=\"1\" loading=\"lazy\" decoding=\"async\" width=\"533\" height=\"800\" data-id=\"89\" src=\"https:\/\/i0.wp.com\/schwarzer-adler-heiligenstadt.de\/wp-content\/uploads\/2021\/01\/lounge_01.jpg?resize=533%2C800&#038;ssl=1\" alt=\"\" class=\"wp-image-89\" srcset=\"https:\/\/i0.wp.com\/schwarzer-adler-heiligenstadt.de\/wp-content\/uploads\/2021\/01\/lounge_01.jpg?w=533&amp;ssl=1 533w, https:\/\/i0.wp.com\/schwarzer-adler-heiligenstadt.de\/wp-content\/uploads\/2021\/01\/lounge_01.jpg?resize=200%2C300&amp;ssl=1 200w\" sizes=\"auto, (max-width: 533px) 100vw, 533px\" \/><\/figure>\n\n\n\n<figure class=\"wp-block-image size-large\"><img data-recalc-dims=\"1\" loading=\"lazy\" decoding=\"async\" width=\"800\" height=\"533\" data-id=\"92\" src=\"https:\/\/i0.wp.com\/schwarzer-adler-heiligenstadt.de\/wp-content\/uploads\/2021\/01\/lounge_04.jpg?resize=800%2C533&#038;ssl=1\" alt=\"\" class=\"wp-image-92\" srcset=\"https:\/\/i0.wp.com\/schwarzer-adler-heiligenstadt.de\/wp-content\/uploads\/2021\/01\/lounge_04.jpg?w=800&amp;ssl=1 800w, https:\/\/i0.wp.com\/schwarzer-adler-heiligenstadt.de\/wp-content\/uploads\/2021\/01\/lounge_04.jpg?resize=300%2C200&amp;ssl=1 300w, https:\/\/i0.wp.com\/schwarzer-adler-heiligenstadt.de\/wp-content\/uploads\/2021\/01\/lounge_04.jpg?resize=768%2C512&amp;ssl=1 768w\" sizes=\"auto, (max-width: 800px) 100vw, 800px\" \/><\/figure>\n\n\n\n<figure class=\"wp-block-image size-large\"><img data-recalc-dims=\"1\" loading=\"lazy\" decoding=\"async\" width=\"800\" height=\"533\" data-id=\"93\" src=\"https:\/\/i0.wp.com\/schwarzer-adler-heiligenstadt.de\/wp-content\/uploads\/2021\/01\/lounge_05.jpg?resize=800%2C533&#038;ssl=1\" alt=\"\" class=\"wp-image-93\" srcset=\"https:\/\/i0.wp.com\/schwarzer-adler-heiligenstadt.de\/wp-content\/uploads\/2021\/01\/lounge_05.jpg?w=800&amp;ssl=1 800w, https:\/\/i0.wp.com\/schwarzer-adler-heiligenstadt.de\/wp-content\/uploads\/2021\/01\/lounge_05.jpg?resize=300%2C200&amp;ssl=1 300w, https:\/\/i0.wp.com\/schwarzer-adler-heiligenstadt.de\/wp-content\/uploads\/2021\/01\/lounge_05.jpg?resize=768%2C512&amp;ssl=1 768w\" sizes=\"auto, (max-width: 800px) 100vw, 800px\" \/><\/figure>\n\n\n\n<figure class=\"wp-block-image size-large\"><img data-recalc-dims=\"1\" loading=\"lazy\" decoding=\"async\" width=\"800\" height=\"533\" data-id=\"91\" src=\"https:\/\/i0.wp.com\/schwarzer-adler-heiligenstadt.de\/wp-content\/uploads\/2021\/01\/lounge_03.jpg?resize=800%2C533&#038;ssl=1\" alt=\"\" class=\"wp-image-91\" srcset=\"https:\/\/i0.wp.com\/schwarzer-adler-heiligenstadt.de\/wp-content\/uploads\/2021\/01\/lounge_03.jpg?w=800&amp;ssl=1 800w, https:\/\/i0.wp.com\/schwarzer-adler-heiligenstadt.de\/wp-content\/uploads\/2021\/01\/lounge_03.jpg?resize=300%2C200&amp;ssl=1 300w, https:\/\/i0.wp.com\/schwarzer-adler-heiligenstadt.de\/wp-content\/uploads\/2021\/01\/lounge_03.jpg?resize=768%2C512&amp;ssl=1 768w\" sizes=\"auto, (max-width: 800px) 100vw, 800px\" \/><\/figure>\n<\/figure>\n\n\n\n<p class=\"has-text-color has-background\" style=\"color:#f6ea68;background-color:#795706\"><\/p>\n","protected":false},"excerpt":{"rendered":"<p>Einfach mal die Seele baumeln lassen ist hier Programm. Nach dem Fr\u00fchst\u00fcck noch ein T\u00e4sschen Kaffee im Raucherzimmer genie\u00dfen bei uns kein Problem. Zu einem guten Gl\u00e4schen bieten wir Ihnen auch gerne eine sch\u00f6ne Zigarre an.<\/p>\n","protected":false},"author":1,"featured_media":0,"parent":0,"menu_order":0,"comment_status":"closed","ping_status":"closed","template":"","meta":{"site-sidebar-layout":"default","site-content-layout":"default","ast-site-content-layout":"default","site-content-style":"default","site-sidebar-style":"default","ast-global-header-display":"","ast-banner-title-visibility":"","ast-main-header-display":"","ast-hfb-above-header-display":"","ast-hfb-below-header-display":"","ast-hfb-mobile-header-display":"","site-post-title":"","ast-breadcrumbs-content":"","ast-featured-img":"","footer-sml-layout":"","theme-transparent-header-meta":"default","adv-header-id-meta":"","stick-header-meta":"","header-above-stick-meta":"","header-main-stick-meta":"","header-below-stick-meta":"","astra-migrate-meta-layouts":"set","ast-page-background-enabled":"default","ast-page-background-meta":{"desktop":{"background-color":"","background-image":"","background-repeat":"repeat","background-position":"center center","background-size":"auto","background-attachment":"scroll","background-type":"","background-media":"","overlay-type":"","overlay-color":"","overlay-opacity":"","overlay-gradient":""},"tablet":{"background-color":"","background-image":"","background-repeat":"repeat","background-position":"center center","background-size":"auto","background-attachment":"scroll","background-type":"","background-media":"","overlay-type":"","overlay-color":"","overlay-opacity":"","overlay-gradient":""},"mobile":{"background-color":"","background-image":"","background-repeat":"repeat","background-position":"center center","background-size":"auto","background-attachment":"scroll","background-type":"","background-media":"","overlay-type":"","overlay-color":"","overlay-opacity":"","overlay-gradient":""}},"ast-content-background-meta":{"desktop":{"background-color":"var(--ast-global-color-5)","background-image":"","background-repeat":"repeat","background-position":"center center","background-size":"auto","background-attachment":"scroll","background-type":"","background-media":"","overlay-type":"","overlay-color":"","overlay-opacity":"","overlay-gradient":""},"tablet":{"background-color":"var(--ast-global-color-5)","background-image":"","background-repeat":"repeat","background-position":"center center","background-size":"auto","background-attachment":"scroll","background-type":"","background-media":"","overlay-type":"","overlay-color":"","overlay-opacity":"","overlay-gradient":""},"mobile":{"background-color":"var(--ast-global-color-5)","background-image":"","background-repeat":"repeat","background-position":"center center","background-size":"auto","background-attachment":"scroll","background-type":"","background-media":"","overlay-type":"","overlay-color":"","overlay-opacity":"","overlay-gradient":""}},"footnotes":""},"class_list":["post-49","page","type-page","status-publish","hentry"],"jetpack_sharing_enabled":true,"jetpack_likes_enabled":true,"_links":{"self":[{"href":"https:\/\/schwarzer-adler-heiligenstadt.de\/index.php?rest_route=\/wp\/v2\/pages\/49","targetHints":{"allow":["GET"]}}],"collection":[{"href":"https:\/\/schwarzer-adler-heiligenstadt.de\/index.php?rest_route=\/wp\/v2\/pages"}],"about":[{"href":"https:\/\/schwarzer-adler-heiligenstadt.de\/index.php?rest_route=\/wp\/v2\/types\/page"}],"author":[{"embeddable":true,"href":"https:\/\/schwarzer-adler-heiligenstadt.de\/index.php?rest_route=\/wp\/v2\/users\/1"}],"replies":[{"embeddable":true,"href":"https:\/\/schwarzer-adler-heiligenstadt.de\/index.php?rest_route=%2Fwp%2Fv2%2Fcomments&post=49"}],"version-history":[{"count":9,"href":"https:\/\/schwarzer-adler-heiligenstadt.de\/index.php?rest_route=\/wp\/v2\/pages\/49\/revisions"}],"predecessor-version":[{"id":500,"href":"https:\/\/schwarzer-adler-heiligenstadt.de\/index.php?rest_route=\/wp\/v2\/pages\/49\/revisions\/500"}],"wp:attachment":[{"href":"https:\/\/schwarzer-adler-heiligenstadt.de\/index.php?rest_route=%2Fwp%2Fv2%2Fmedia&parent=49"}],"curies":[{"name":"wp","href":"https:\/\/api.w.org\/{rel}","templated":true}]}}