{"id":33,"date":"2021-01-19T15:40:46","date_gmt":"2021-01-19T15:40:46","guid":{"rendered":"http:\/\/2021.schwarzer-adler-heiligenstadt.de\/?page_id=33"},"modified":"2025-06-30T14:34:17","modified_gmt":"2025-06-30T14:34:17","slug":"unser-hotel","status":"publish","type":"page","link":"https:\/\/schwarzer-adler-heiligenstadt.de\/?page_id=33","title":{"rendered":"Unser Hotel"},"content":{"rendered":"\n<figure class=\"wp-block-gallery has-nested-images columns-default is-cropped wp-block-gallery-1 is-layout-flex wp-block-gallery-is-layout-flex\">\n<figure class=\"wp-block-image size-large\"><img data-recalc-dims=\"1\" loading=\"lazy\" decoding=\"async\" width=\"1000\" height=\"288\" data-id=\"124\" src=\"https:\/\/i0.wp.com\/schwarzer-adler-heiligenstadt.de\/wp-content\/uploads\/2021\/01\/cropped-header.jpg?resize=1000%2C288&#038;ssl=1\" alt=\"\" class=\"wp-image-124\" srcset=\"https:\/\/i0.wp.com\/schwarzer-adler-heiligenstadt.de\/wp-content\/uploads\/2021\/01\/cropped-header.jpg?w=1000&amp;ssl=1 1000w, https:\/\/i0.wp.com\/schwarzer-adler-heiligenstadt.de\/wp-content\/uploads\/2021\/01\/cropped-header.jpg?resize=300%2C86&amp;ssl=1 300w, https:\/\/i0.wp.com\/schwarzer-adler-heiligenstadt.de\/wp-content\/uploads\/2021\/01\/cropped-header.jpg?resize=768%2C221&amp;ssl=1 768w, https:\/\/i0.wp.com\/schwarzer-adler-heiligenstadt.de\/wp-content\/uploads\/2021\/01\/cropped-header.jpg?resize=500%2C144&amp;ssl=1 500w\" sizes=\"auto, (max-width: 1000px) 100vw, 1000px\" \/><\/figure>\n<\/figure>\n\n\n\n<p class=\"has-text-color has-background\" style=\"color:#f6ea68;background-color:#795706\">Unser Hotelbereich befindet sich oberhalb des Restaurants und gliedert sich \u00fcber zwei Etagen.<\/p>\n\n\n\n<p class=\"has-text-color has-background\" style=\"color:#f6ea68;background-color:#795706\">Wir bieten Ihnen alle Zimmer mit Dusche\/WC, TV  sowie WLAN. Zur Auswahl stehen Einzelzimmer, Doppelzimmer oder ein Vierbettzimmer. Alle Zimmer sind buchbar mit Fr\u00fchst\u00fcck .<\/p>\n\n\n\n<p class=\"has-text-color has-background\" style=\"color:#f6ea68;background-color:#795706\">Einzelzimmer mit Fr\u00fchst\u00fcck: 66,- Euro<\/p>\n\n\n\n<p>            Einzelzimmer ohne Fr\u00fchst\u00fcck: 57,50 Euro<\/p>\n\n\n\n<p class=\"has-text-color has-background\" style=\"color:#f6ea68;background-color:#795706\">Doppelzimmer mit Fr\u00fchst\u00fcck: 95,- Euro pro Zimmer pro Nacht<\/p>\n\n\n\n<p>             Doppelzimmer ohne Fr\u00fchst\u00fcck: 80 Euro pro Zimmer pro Nacht<\/p>\n\n\n\n<p>Doppelzimmer zur Einzelnutzung mit Fr\u00fchst\u00fcck: 80 Euro pro Nacht pro Zimmer<\/p>\n\n\n\n<p>Doppelzimmer zur Einzelnutzung ohne Fr\u00fchst\u00fcck: 71,50 Euro pro Nacht pro Zimmer<\/p>\n\n\n\n<p class=\"has-text-color has-background\" style=\"color:#f6ea68;background-color:#795706\">Vierbettzimmer mit Fr\u00fchst\u00fcck: 160,- Euro pro Zimmer pro Nacht<\/p>\n\n\n\n<p>Vierbettzimmer ohne Fr\u00fchst\u00fcck: 126 Euro pro Zimmer pro Nacht<\/p>\n\n\n\n<p>Vierbettzimmer bei 3 Personen belegung mit Fr\u00fchst\u00fcck: 140 Euro pro Zimmer pro Nacht<\/p>\n\n\n\n<p>Vierbettzimmer bei 3 Personen Belegung ohne Fr\u00fchst\u00fcck: 114,50 pro Zimmer pro Nacht<\/p>\n\n\n\n<p class=\"has-text-color has-background\" style=\"color:#f6ea68;background-color:#795706\">Unsere Zimmer sind dezent eingerichtet und genau damit immer auf Kurs: Unser Ziel ist Ihre Zufriedenheit! Unser Fr\u00fchst\u00fcck berechnen wir mit 8,50 Euro und beinhaltet 2 Br\u00f6tchen, 1 Scheibe Brot, Wurst und K\u00e4seteller, Marmelade, Honig,Nutella, Butter und ein gekochtes Ei. Die Getr\u00e4nke zum Fr\u00fchst\u00fcck werden je nach Verbrauch berechnet. <\/p>\n\n\n\n<p class=\"has-text-color has-background\" style=\"color:#f6ea68;background-color:#795706\">Mit der Buchung unserer Zimmer haben Sie auch Zugriff auf die Angebote unserer Partner durch den Kurbeitrag der pro Tag erhoben wird und auf den Zimmerpreis aufgeschlagen wird.<\/p>\n\n\n\n<p class=\"has-text-color has-background\" style=\"color:#f6ea68;background-color:#795706\">Buchungsanfragen richten Sie bitte schriftlich, telefonisch oder per E-Mail an, gerne k\u00f6nnen Sie auch unserer Kontaktformular nutzen: <\/p>\n\n\n\n<p class=\"has-text-color has-background\" style=\"color:#f6ea68;background-color:#795706\">Hotel &#8222;Schwarzer Adler&#8220;<\/p>\n\n\n\n<p class=\"has-text-color has-background\" style=\"color:#f6ea68;background-color:#795706\">Wilhelmstra\u00dfe 2<\/p>\n\n\n\n<p class=\"has-text-color has-background\" style=\"color:#f6ea68;background-color:#795706\">37308 Heilbad Heiligenstadt<\/p>\n\n\n\n<p class=\"has-text-color has-background\" style=\"color:#f6ea68;background-color:#795706\">Tel.: 03606-612250 oder 015129448573<\/p>\n\n\n\n<p class=\"has-text-color has-background\" style=\"color:#f6ea68;background-color:#795706\">E-Mail: schwarzer-adler-heiligenstadt@web.de<\/p>\n\n\n\n<p class=\"has-text-color has-background\" style=\"color:#f6ea68;background-color:#795706\">Wir freuen uns auf Ihren Besuch!<\/p>\n\n\n\n<p class=\"has-text-color has-background\" style=\"color:#f6ea68;background-color:#795706\">Ihre Verena G\u00f6bel-Simon<\/p>\n\n\n\n<figure class=\"wp-block-gallery has-nested-images columns-default is-cropped wp-block-gallery-2 is-layout-flex wp-block-gallery-is-layout-flex\">\n<figure class=\"wp-block-image size-large\"><img data-recalc-dims=\"1\" loading=\"lazy\" decoding=\"async\" width=\"1024\" height=\"678\" data-id=\"171\" src=\"https:\/\/i0.wp.com\/schwarzer-adler-heiligenstadt.de\/wp-content\/uploads\/2021\/01\/DSC_0079.jpg?resize=1024%2C678&#038;ssl=1\" alt=\"\" class=\"wp-image-171\" srcset=\"https:\/\/i0.wp.com\/schwarzer-adler-heiligenstadt.de\/wp-content\/uploads\/2021\/01\/DSC_0079-scaled.jpg?resize=1024%2C678&amp;ssl=1 1024w, https:\/\/i0.wp.com\/schwarzer-adler-heiligenstadt.de\/wp-content\/uploads\/2021\/01\/DSC_0079-scaled.jpg?resize=300%2C199&amp;ssl=1 300w, https:\/\/i0.wp.com\/schwarzer-adler-heiligenstadt.de\/wp-content\/uploads\/2021\/01\/DSC_0079-scaled.jpg?resize=768%2C509&amp;ssl=1 768w, https:\/\/i0.wp.com\/schwarzer-adler-heiligenstadt.de\/wp-content\/uploads\/2021\/01\/DSC_0079-scaled.jpg?resize=1536%2C1017&amp;ssl=1 1536w, https:\/\/i0.wp.com\/schwarzer-adler-heiligenstadt.de\/wp-content\/uploads\/2021\/01\/DSC_0079-scaled.jpg?resize=2048%2C1356&amp;ssl=1 2048w\" sizes=\"auto, (max-width: 1000px) 100vw, 1000px\" \/><\/figure>\n\n\n\n<figure class=\"wp-block-image size-large\"><img data-recalc-dims=\"1\" loading=\"lazy\" decoding=\"async\" width=\"1024\" height=\"678\" data-id=\"165\" src=\"https:\/\/i0.wp.com\/schwarzer-adler-heiligenstadt.de\/wp-content\/uploads\/2021\/01\/DSC_0041.jpg?resize=1024%2C678&#038;ssl=1\" alt=\"\" class=\"wp-image-165\" srcset=\"https:\/\/i0.wp.com\/schwarzer-adler-heiligenstadt.de\/wp-content\/uploads\/2021\/01\/DSC_0041-scaled.jpg?resize=1024%2C678&amp;ssl=1 1024w, https:\/\/i0.wp.com\/schwarzer-adler-heiligenstadt.de\/wp-content\/uploads\/2021\/01\/DSC_0041-scaled.jpg?resize=300%2C199&amp;ssl=1 300w, https:\/\/i0.wp.com\/schwarzer-adler-heiligenstadt.de\/wp-content\/uploads\/2021\/01\/DSC_0041-scaled.jpg?resize=768%2C509&amp;ssl=1 768w, https:\/\/i0.wp.com\/schwarzer-adler-heiligenstadt.de\/wp-content\/uploads\/2021\/01\/DSC_0041-scaled.jpg?resize=1536%2C1017&amp;ssl=1 1536w, https:\/\/i0.wp.com\/schwarzer-adler-heiligenstadt.de\/wp-content\/uploads\/2021\/01\/DSC_0041-scaled.jpg?resize=2048%2C1356&amp;ssl=1 2048w\" sizes=\"auto, (max-width: 1000px) 100vw, 1000px\" \/><\/figure>\n\n\n\n<figure class=\"wp-block-image size-large\"><img data-recalc-dims=\"1\" loading=\"lazy\" decoding=\"async\" width=\"678\" height=\"1024\" data-id=\"169\" src=\"https:\/\/i0.wp.com\/schwarzer-adler-heiligenstadt.de\/wp-content\/uploads\/2021\/01\/DSC_0069.jpg?resize=678%2C1024&#038;ssl=1\" alt=\"\" class=\"wp-image-169\" srcset=\"https:\/\/i0.wp.com\/schwarzer-adler-heiligenstadt.de\/wp-content\/uploads\/2021\/01\/DSC_0069-scaled.jpg?resize=678%2C1024&amp;ssl=1 678w, https:\/\/i0.wp.com\/schwarzer-adler-heiligenstadt.de\/wp-content\/uploads\/2021\/01\/DSC_0069-scaled.jpg?resize=199%2C300&amp;ssl=1 199w, https:\/\/i0.wp.com\/schwarzer-adler-heiligenstadt.de\/wp-content\/uploads\/2021\/01\/DSC_0069-scaled.jpg?resize=768%2C1160&amp;ssl=1 768w, https:\/\/i0.wp.com\/schwarzer-adler-heiligenstadt.de\/wp-content\/uploads\/2021\/01\/DSC_0069-scaled.jpg?resize=1017%2C1536&amp;ssl=1 1017w, https:\/\/i0.wp.com\/schwarzer-adler-heiligenstadt.de\/wp-content\/uploads\/2021\/01\/DSC_0069-scaled.jpg?resize=1356%2C2048&amp;ssl=1 1356w, https:\/\/i0.wp.com\/schwarzer-adler-heiligenstadt.de\/wp-content\/uploads\/2021\/01\/DSC_0069-scaled.jpg?w=1696&amp;ssl=1 1696w\" sizes=\"auto, (max-width: 678px) 100vw, 678px\" \/><\/figure>\n\n\n\n<figure class=\"wp-block-image size-large\"><img data-recalc-dims=\"1\" loading=\"lazy\" decoding=\"async\" width=\"1024\" height=\"678\" data-id=\"166\" src=\"https:\/\/i0.wp.com\/schwarzer-adler-heiligenstadt.de\/wp-content\/uploads\/2021\/01\/DSC_0066.jpg?resize=1024%2C678&#038;ssl=1\" alt=\"\" class=\"wp-image-166\" srcset=\"https:\/\/i0.wp.com\/schwarzer-adler-heiligenstadt.de\/wp-content\/uploads\/2021\/01\/DSC_0066-scaled.jpg?resize=1024%2C678&amp;ssl=1 1024w, https:\/\/i0.wp.com\/schwarzer-adler-heiligenstadt.de\/wp-content\/uploads\/2021\/01\/DSC_0066-scaled.jpg?resize=300%2C199&amp;ssl=1 300w, https:\/\/i0.wp.com\/schwarzer-adler-heiligenstadt.de\/wp-content\/uploads\/2021\/01\/DSC_0066-scaled.jpg?resize=768%2C509&amp;ssl=1 768w, https:\/\/i0.wp.com\/schwarzer-adler-heiligenstadt.de\/wp-content\/uploads\/2021\/01\/DSC_0066-scaled.jpg?resize=1536%2C1017&amp;ssl=1 1536w, https:\/\/i0.wp.com\/schwarzer-adler-heiligenstadt.de\/wp-content\/uploads\/2021\/01\/DSC_0066-scaled.jpg?resize=2048%2C1356&amp;ssl=1 2048w\" sizes=\"auto, (max-width: 1000px) 100vw, 1000px\" \/><\/figure>\n\n\n\n<figure class=\"wp-block-image size-large\"><img data-recalc-dims=\"1\" loading=\"lazy\" decoding=\"async\" width=\"1024\" height=\"678\" data-id=\"164\" src=\"https:\/\/i0.wp.com\/schwarzer-adler-heiligenstadt.de\/wp-content\/uploads\/2021\/01\/DSC_0015.jpg?resize=1024%2C678&#038;ssl=1\" alt=\"\" class=\"wp-image-164\" srcset=\"https:\/\/i0.wp.com\/schwarzer-adler-heiligenstadt.de\/wp-content\/uploads\/2021\/01\/DSC_0015-scaled.jpg?resize=1024%2C678&amp;ssl=1 1024w, https:\/\/i0.wp.com\/schwarzer-adler-heiligenstadt.de\/wp-content\/uploads\/2021\/01\/DSC_0015-scaled.jpg?resize=300%2C199&amp;ssl=1 300w, https:\/\/i0.wp.com\/schwarzer-adler-heiligenstadt.de\/wp-content\/uploads\/2021\/01\/DSC_0015-scaled.jpg?resize=768%2C509&amp;ssl=1 768w, https:\/\/i0.wp.com\/schwarzer-adler-heiligenstadt.de\/wp-content\/uploads\/2021\/01\/DSC_0015-scaled.jpg?resize=1536%2C1017&amp;ssl=1 1536w, https:\/\/i0.wp.com\/schwarzer-adler-heiligenstadt.de\/wp-content\/uploads\/2021\/01\/DSC_0015-scaled.jpg?resize=2048%2C1356&amp;ssl=1 2048w\" sizes=\"auto, (max-width: 1000px) 100vw, 1000px\" \/><\/figure>\n<\/figure>\n\n\n","protected":false},"excerpt":{"rendered":"<p>Unser Hotelbereich befindet sich oberhalb des Restaurants und gliedert sich \u00fcber zwei Etagen. Wir bieten Ihnen alle Zimmer mit Dusche\/WC, TV sowie WLAN. Zur Auswahl stehen Einzelzimmer, Doppelzimmer oder ein Vierbettzimmer. Alle Zimmer sind buchbar mit Fr\u00fchst\u00fcck . Einzelzimmer mit Fr\u00fchst\u00fcck: 66,- Euro Einzelzimmer ohne Fr\u00fchst\u00fcck: 57,50 Euro Doppelzimmer mit Fr\u00fchst\u00fcck: 95,- Euro pro Zimmer [&hellip;]<\/p>\n","protected":false},"author":1,"featured_media":0,"parent":0,"menu_order":0,"comment_status":"closed","ping_status":"closed","template":"","meta":{"site-sidebar-layout":"default","site-content-layout":"default","ast-site-content-layout":"default","site-content-style":"default","site-sidebar-style":"default","ast-global-header-display":"","ast-banner-title-visibility":"","ast-main-header-display":"","ast-hfb-above-header-display":"","ast-hfb-below-header-display":"","ast-hfb-mobile-header-display":"","site-post-title":"","ast-breadcrumbs-content":"","ast-featured-img":"","footer-sml-layout":"","theme-transparent-header-meta":"default","adv-header-id-meta":"","stick-header-meta":"","header-above-stick-meta":"","header-main-stick-meta":"","header-below-stick-meta":"","astra-migrate-meta-layouts":"set","ast-page-background-enabled":"default","ast-page-background-meta":{"desktop":{"background-color":"","background-image":"","background-repeat":"repeat","background-position":"center center","background-size":"auto","background-attachment":"scroll","background-type":"","background-media":"","overlay-type":"","overlay-color":"","overlay-opacity":"","overlay-gradient":""},"tablet":{"background-color":"","background-image":"","background-repeat":"repeat","background-position":"center center","background-size":"auto","background-attachment":"scroll","background-type":"","background-media":"","overlay-type":"","overlay-color":"","overlay-opacity":"","overlay-gradient":""},"mobile":{"background-color":"","background-image":"","background-repeat":"repeat","background-position":"center center","background-size":"auto","background-attachment":"scroll","background-type":"","background-media":"","overlay-type":"","overlay-color":"","overlay-opacity":"","overlay-gradient":""}},"ast-content-background-meta":{"desktop":{"background-color":"var(--ast-global-color-5)","background-image":"","background-repeat":"repeat","background-position":"center center","background-size":"auto","background-attachment":"scroll","background-type":"","background-media":"","overlay-type":"","overlay-color":"","overlay-opacity":"","overlay-gradient":""},"tablet":{"background-color":"var(--ast-global-color-5)","background-image":"","background-repeat":"repeat","background-position":"center center","background-size":"auto","background-attachment":"scroll","background-type":"","background-media":"","overlay-type":"","overlay-color":"","overlay-opacity":"","overlay-gradient":""},"mobile":{"background-color":"var(--ast-global-color-5)","background-image":"","background-repeat":"repeat","background-position":"center center","background-size":"auto","background-attachment":"scroll","background-type":"","background-media":"","overlay-type":"","overlay-color":"","overlay-opacity":"","overlay-gradient":""}},"footnotes":""},"class_list":["post-33","page","type-page","status-publish","hentry"],"jetpack_sharing_enabled":true,"jetpack_likes_enabled":true,"_links":{"self":[{"href":"https:\/\/schwarzer-adler-heiligenstadt.de\/index.php?rest_route=\/wp\/v2\/pages\/33","targetHints":{"allow":["GET"]}}],"collection":[{"href":"https:\/\/schwarzer-adler-heiligenstadt.de\/index.php?rest_route=\/wp\/v2\/pages"}],"about":[{"href":"https:\/\/schwarzer-adler-heiligenstadt.de\/index.php?rest_route=\/wp\/v2\/types\/page"}],"author":[{"embeddable":true,"href":"https:\/\/schwarzer-adler-heiligenstadt.de\/index.php?rest_route=\/wp\/v2\/users\/1"}],"replies":[{"embeddable":true,"href":"https:\/\/schwarzer-adler-heiligenstadt.de\/index.php?rest_route=%2Fwp%2Fv2%2Fcomments&post=33"}],"version-history":[{"count":9,"href":"https:\/\/schwarzer-adler-heiligenstadt.de\/index.php?rest_route=\/wp\/v2\/pages\/33\/revisions"}],"predecessor-version":[{"id":494,"href":"https:\/\/schwarzer-adler-heiligenstadt.de\/index.php?rest_route=\/wp\/v2\/pages\/33\/revisions\/494"}],"wp:attachment":[{"href":"https:\/\/schwarzer-adler-heiligenstadt.de\/index.php?rest_route=%2Fwp%2Fv2%2Fmedia&parent=33"}],"curies":[{"name":"wp","href":"https:\/\/api.w.org\/{rel}","templated":true}]}}