{"id":24,"date":"2021-01-16T22:45:24","date_gmt":"2021-01-16T22:45:24","guid":{"rendered":"http:\/\/2021.schwarzer-adler-heiligenstadt.de\/?page_id=24"},"modified":"2025-06-30T14:49:12","modified_gmt":"2025-06-30T14:49:12","slug":"herzlich-willkommen-im-schwarzen-adler-ihrem-rodeo-steakhouse","status":"publish","type":"page","link":"https:\/\/schwarzer-adler-heiligenstadt.de\/","title":{"rendered":"Herzlich Willkommen im &#8222;Schwarzen Adler&#8220; &#8211; Hotel Garni"},"content":{"rendered":"\n<figure class=\"wp-block-image size-large\"><img data-recalc-dims=\"1\" loading=\"lazy\" decoding=\"async\" width=\"1000\" height=\"288\" src=\"https:\/\/i0.wp.com\/schwarzer-adler-heiligenstadt.de\/wp-content\/uploads\/2021\/01\/cropped-header.jpg?resize=1000%2C288&#038;ssl=1\" alt=\"\" class=\"wp-image-124\" srcset=\"https:\/\/i0.wp.com\/schwarzer-adler-heiligenstadt.de\/wp-content\/uploads\/2021\/01\/cropped-header.jpg?w=1000&amp;ssl=1 1000w, https:\/\/i0.wp.com\/schwarzer-adler-heiligenstadt.de\/wp-content\/uploads\/2021\/01\/cropped-header.jpg?resize=300%2C86&amp;ssl=1 300w, https:\/\/i0.wp.com\/schwarzer-adler-heiligenstadt.de\/wp-content\/uploads\/2021\/01\/cropped-header.jpg?resize=768%2C221&amp;ssl=1 768w, https:\/\/i0.wp.com\/schwarzer-adler-heiligenstadt.de\/wp-content\/uploads\/2021\/01\/cropped-header.jpg?resize=500%2C144&amp;ssl=1 500w\" sizes=\"auto, (max-width: 1000px) 100vw, 1000px\" \/><\/figure>\n\n\n\n<p class=\"has-text-color has-background\" style=\"color:#f6ea68;background-color:#795706\">Tradition ist nicht das stochern in der Asche, sondern das Weitergeben des Feuers!<\/p>\n\n\n\n<p>Unser Restaurant schlie\u00dft die T\u00fcr zum 30.6.2025<\/p>\n\n\n\n<p class=\"has-text-color has-background\" style=\"color:#f6ea68;background-color:#795706\">Jetzt ist das Feuer in der 6. Generation unserer Familie und bietet unseren G\u00e4sten neben einer angenehmen Wohlf\u00fchlatmosph\u00e4re die W\u00e4rme eines Zuhauses auf Zeit.<\/p>\n\n\n\n<p class=\"has-text-color has-background\" style=\"color:#f6ea68;background-color:#795706\">Durch meinen beruflichen Werdegang, habe ich viele Eindr\u00fccke aus aller Welt sammeln d\u00fcrfen und m\u00f6chte Ihnen einen Einblick in diese Welt gew\u00e4hren. Unser Ambiente ist im internationalem Stil gehalten, Reisen und Erkunden stehen auf unserer Speisekarte. Neben der geschmackvollen Einrichtung sowie der Liebe zum Detail zeichnet uns insbesondere die aufgeschlossene Atmosph\u00e4re aus.<\/p>\n\n\n\n<p class=\"has-text-color has-background\" style=\"color:#f6ea68;background-color:#795706\">Wir freuen uns, Sie herzlich in unserem Haus begr\u00fc\u00dfen zu d\u00fcrfen!<\/p>\n\n\n\n<p class=\"has-text-color has-background\" style=\"color:#f6ea68;background-color:#795706\">Ihre Verena G\u00f6bel-Simon<\/p>\n\n\n\n<figure class=\"wp-block-image size-large\"><img data-recalc-dims=\"1\" loading=\"lazy\" decoding=\"async\" width=\"1024\" height=\"768\" src=\"https:\/\/i0.wp.com\/schwarzer-adler-heiligenstadt.de\/wp-content\/uploads\/2021\/01\/IMG_5833.jpeg?resize=1024%2C768&#038;ssl=1\" alt=\"\" class=\"wp-image-158\" srcset=\"https:\/\/i0.wp.com\/schwarzer-adler-heiligenstadt.de\/wp-content\/uploads\/2021\/01\/IMG_5833-scaled.jpeg?resize=1024%2C768&amp;ssl=1 1024w, https:\/\/i0.wp.com\/schwarzer-adler-heiligenstadt.de\/wp-content\/uploads\/2021\/01\/IMG_5833-scaled.jpeg?resize=300%2C225&amp;ssl=1 300w, https:\/\/i0.wp.com\/schwarzer-adler-heiligenstadt.de\/wp-content\/uploads\/2021\/01\/IMG_5833-scaled.jpeg?resize=768%2C576&amp;ssl=1 768w, https:\/\/i0.wp.com\/schwarzer-adler-heiligenstadt.de\/wp-content\/uploads\/2021\/01\/IMG_5833-scaled.jpeg?resize=1536%2C1152&amp;ssl=1 1536w, https:\/\/i0.wp.com\/schwarzer-adler-heiligenstadt.de\/wp-content\/uploads\/2021\/01\/IMG_5833-scaled.jpeg?resize=2048%2C1536&amp;ssl=1 2048w\" sizes=\"auto, (max-width: 1000px) 100vw, 1000px\" \/><\/figure>\n\n\n\n<figure class=\"wp-block-image size-large\"><img data-recalc-dims=\"1\" loading=\"lazy\" decoding=\"async\" width=\"1024\" height=\"768\" src=\"https:\/\/i0.wp.com\/schwarzer-adler-heiligenstadt.de\/wp-content\/uploads\/2021\/01\/IMG_5834.jpeg?resize=1024%2C768&#038;ssl=1\" alt=\"\" class=\"wp-image-159\" srcset=\"https:\/\/i0.wp.com\/schwarzer-adler-heiligenstadt.de\/wp-content\/uploads\/2021\/01\/IMG_5834-scaled.jpeg?resize=1024%2C768&amp;ssl=1 1024w, https:\/\/i0.wp.com\/schwarzer-adler-heiligenstadt.de\/wp-content\/uploads\/2021\/01\/IMG_5834-scaled.jpeg?resize=300%2C225&amp;ssl=1 300w, https:\/\/i0.wp.com\/schwarzer-adler-heiligenstadt.de\/wp-content\/uploads\/2021\/01\/IMG_5834-scaled.jpeg?resize=768%2C576&amp;ssl=1 768w, https:\/\/i0.wp.com\/schwarzer-adler-heiligenstadt.de\/wp-content\/uploads\/2021\/01\/IMG_5834-scaled.jpeg?resize=1536%2C1152&amp;ssl=1 1536w, https:\/\/i0.wp.com\/schwarzer-adler-heiligenstadt.de\/wp-content\/uploads\/2021\/01\/IMG_5834-scaled.jpeg?resize=2048%2C1536&amp;ssl=1 2048w\" sizes=\"auto, (max-width: 1000px) 100vw, 1000px\" \/><\/figure>\n\n\n\n<figure class=\"wp-block-image size-large\"><img data-recalc-dims=\"1\" loading=\"lazy\" decoding=\"async\" width=\"1024\" height=\"768\" src=\"https:\/\/i0.wp.com\/schwarzer-adler-heiligenstadt.de\/wp-content\/uploads\/2021\/01\/IMG_5837.jpeg?resize=1024%2C768&#038;ssl=1\" alt=\"\" class=\"wp-image-161\" srcset=\"https:\/\/i0.wp.com\/schwarzer-adler-heiligenstadt.de\/wp-content\/uploads\/2021\/01\/IMG_5837-scaled.jpeg?resize=1024%2C768&amp;ssl=1 1024w, https:\/\/i0.wp.com\/schwarzer-adler-heiligenstadt.de\/wp-content\/uploads\/2021\/01\/IMG_5837-scaled.jpeg?resize=300%2C225&amp;ssl=1 300w, https:\/\/i0.wp.com\/schwarzer-adler-heiligenstadt.de\/wp-content\/uploads\/2021\/01\/IMG_5837-scaled.jpeg?resize=768%2C576&amp;ssl=1 768w, https:\/\/i0.wp.com\/schwarzer-adler-heiligenstadt.de\/wp-content\/uploads\/2021\/01\/IMG_5837-scaled.jpeg?resize=1536%2C1152&amp;ssl=1 1536w, https:\/\/i0.wp.com\/schwarzer-adler-heiligenstadt.de\/wp-content\/uploads\/2021\/01\/IMG_5837-scaled.jpeg?resize=2048%2C1536&amp;ssl=1 2048w\" sizes=\"auto, (max-width: 1000px) 100vw, 1000px\" \/><\/figure>\n\n\n\n<p class=\"has-background\" style=\"background-color:#f6ea68\">Restaurant ab dem 30.6.2025 geschlossen.<\/p>\n\n\n\n<p><\/p>\n","protected":false},"excerpt":{"rendered":"<p>Tradition ist nicht das stochern in der Asche, sondern das Weitergeben des Feuers! Unser Restaurant schlie\u00dft die T\u00fcr zum 30.6.2025 Jetzt ist das Feuer in der 6. Generation unserer Familie und bietet unseren G\u00e4sten neben einer angenehmen Wohlf\u00fchlatmosph\u00e4re die W\u00e4rme eines Zuhauses auf Zeit. Durch meinen beruflichen Werdegang, habe ich viele Eindr\u00fccke aus aller Welt [&hellip;]<\/p>\n","protected":false},"author":1,"featured_media":0,"parent":0,"menu_order":0,"comment_status":"closed","ping_status":"closed","template":"","meta":{"site-sidebar-layout":"default","site-content-layout":"default","ast-site-content-layout":"default","site-content-style":"default","site-sidebar-style":"default","ast-global-header-display":"","ast-banner-title-visibility":"","ast-main-header-display":"","ast-hfb-above-header-display":"","ast-hfb-below-header-display":"","ast-hfb-mobile-header-display":"","site-post-title":"","ast-breadcrumbs-content":"","ast-featured-img":"","footer-sml-layout":"","theme-transparent-header-meta":"default","adv-header-id-meta":"","stick-header-meta":"","header-above-stick-meta":"","header-main-stick-meta":"","header-below-stick-meta":"","astra-migrate-meta-layouts":"set","ast-page-background-enabled":"default","ast-page-background-meta":{"desktop":{"background-color":"","background-image":"","background-repeat":"repeat","background-position":"center center","background-size":"auto","background-attachment":"scroll","background-type":"","background-media":"","overlay-type":"","overlay-color":"","overlay-opacity":"","overlay-gradient":""},"tablet":{"background-color":"","background-image":"","background-repeat":"repeat","background-position":"center center","background-size":"auto","background-attachment":"scroll","background-type":"","background-media":"","overlay-type":"","overlay-color":"","overlay-opacity":"","overlay-gradient":""},"mobile":{"background-color":"","background-image":"","background-repeat":"repeat","background-position":"center center","background-size":"auto","background-attachment":"scroll","background-type":"","background-media":"","overlay-type":"","overlay-color":"","overlay-opacity":"","overlay-gradient":""}},"ast-content-background-meta":{"desktop":{"background-color":"var(--ast-global-color-5)","background-image":"","background-repeat":"repeat","background-position":"center center","background-size":"auto","background-attachment":"scroll","background-type":"","background-media":"","overlay-type":"","overlay-color":"","overlay-opacity":"","overlay-gradient":""},"tablet":{"background-color":"var(--ast-global-color-5)","background-image":"","background-repeat":"repeat","background-position":"center center","background-size":"auto","background-attachment":"scroll","background-type":"","background-media":"","overlay-type":"","overlay-color":"","overlay-opacity":"","overlay-gradient":""},"mobile":{"background-color":"var(--ast-global-color-5)","background-image":"","background-repeat":"repeat","background-position":"center center","background-size":"auto","background-attachment":"scroll","background-type":"","background-media":"","overlay-type":"","overlay-color":"","overlay-opacity":"","overlay-gradient":""}},"footnotes":""},"class_list":["post-24","page","type-page","status-publish","hentry"],"jetpack_sharing_enabled":true,"jetpack_likes_enabled":true,"_links":{"self":[{"href":"https:\/\/schwarzer-adler-heiligenstadt.de\/index.php?rest_route=\/wp\/v2\/pages\/24","targetHints":{"allow":["GET"]}}],"collection":[{"href":"https:\/\/schwarzer-adler-heiligenstadt.de\/index.php?rest_route=\/wp\/v2\/pages"}],"about":[{"href":"https:\/\/schwarzer-adler-heiligenstadt.de\/index.php?rest_route=\/wp\/v2\/types\/page"}],"author":[{"embeddable":true,"href":"https:\/\/schwarzer-adler-heiligenstadt.de\/index.php?rest_route=\/wp\/v2\/users\/1"}],"replies":[{"embeddable":true,"href":"https:\/\/schwarzer-adler-heiligenstadt.de\/index.php?rest_route=%2Fwp%2Fv2%2Fcomments&post=24"}],"version-history":[{"count":10,"href":"https:\/\/schwarzer-adler-heiligenstadt.de\/index.php?rest_route=\/wp\/v2\/pages\/24\/revisions"}],"predecessor-version":[{"id":501,"href":"https:\/\/schwarzer-adler-heiligenstadt.de\/index.php?rest_route=\/wp\/v2\/pages\/24\/revisions\/501"}],"wp:attachment":[{"href":"https:\/\/schwarzer-adler-heiligenstadt.de\/index.php?rest_route=%2Fwp%2Fv2%2Fmedia&parent=24"}],"curies":[{"name":"wp","href":"https:\/\/api.w.org\/{rel}","templated":true}]}}